{"id":17,"date":"2014-12-13T17:45:46","date_gmt":"2014-12-13T15:45:46","guid":{"rendered":"http:\/\/work.coniunctis.de\/feichtner\/?page_id=17"},"modified":"2021-12-21T20:52:23","modified_gmt":"2021-12-21T19:52:23","slug":"landschaft","status":"publish","type":"page","link":"http:\/\/reitstall-feichtner.de\/?page_id=17","title":{"rendered":"Ausbildung &#038; Beritt"},"content":{"rendered":"<p>Durch unsere beiden Spring- und Dressurausbilder, Marinus und Nina, bieten wir Ihnen die M\u00f6glichkeit, Sie und ihr Pferd bestm\u00f6glich bei Ihren Zielen zu unterst\u00fctzen.<\/p>\n<p>Wir bieten:<\/p>\n<ul>\n<li>Vollberitt<\/li>\n<li>Teilberitt<\/li>\n<li>Anreiten<\/li>\n<li>Turniervorstellung<\/li>\n<li>Unterrichtserteilung<\/li>\n<li>Turnierbetreuung<\/li>\n<\/ul>\n<p>Bei Interesse nehmen Sie gerne Kontakt mit uns auf, auch externe Trainingsg\u00e4ste sind herzlich Willkommen. Wir freuen uns auf Sie!<\/p>\n<p><!--\n\n\n<h2 style=\"text-align: center;\">Sommertraum<\/h2>\n\n\n[gallery link=\"none\" size=\"medium\" ids=\"129,131,127,136,177,176,178,174,173\"]\n\n\n<h2 style=\"text-align: center;\"><\/h2>\n\n\n\n\n<h2 style=\"text-align: center;\">Wintertraum<\/h2>\n\n\n[gallery link=\"none\" size=\"medium\" ids=\"235,210,219,227,228,215,213,211,296\"]--><\/p>\n","protected":false},"excerpt":{"rendered":"<p>Durch unsere beiden Spring- und Dressurausbilder, Marinus und Nina, bieten wir Ihnen die M\u00f6glichkeit, Sie und ihr Pferd bestm\u00f6glich bei Ihren Zielen zu unterst\u00fctzen. Wir bieten: Vollberitt Teilberitt Anreiten Turniervorstellung Unterrichtserteilung Turnierbetreuung Bei Interesse nehmen Sie gerne Kontakt mit uns auf, auch externe Trainingsg\u00e4ste sind herzlich Willkommen. Wir freuen uns auf Sie!<\/p>\n","protected":false},"author":1,"featured_media":0,"parent":0,"menu_order":0,"comment_status":"closed","ping_status":"open","template":"","meta":{"footnotes":""},"class_list":["post-17","page","type-page","status-publish","hentry"],"_links":{"self":[{"href":"http:\/\/reitstall-feichtner.de\/index.php?rest_route=\/wp\/v2\/pages\/17","targetHints":{"allow":["GET"]}}],"collection":[{"href":"http:\/\/reitstall-feichtner.de\/index.php?rest_route=\/wp\/v2\/pages"}],"about":[{"href":"http:\/\/reitstall-feichtner.de\/index.php?rest_route=\/wp\/v2\/types\/page"}],"author":[{"embeddable":true,"href":"http:\/\/reitstall-feichtner.de\/index.php?rest_route=\/wp\/v2\/users\/1"}],"replies":[{"embeddable":true,"href":"http:\/\/reitstall-feichtner.de\/index.php?rest_route=%2Fwp%2Fv2%2Fcomments&post=17"}],"version-history":[{"count":5,"href":"http:\/\/reitstall-feichtner.de\/index.php?rest_route=\/wp\/v2\/pages\/17\/revisions"}],"predecessor-version":[{"id":482,"href":"http:\/\/reitstall-feichtner.de\/index.php?rest_route=\/wp\/v2\/pages\/17\/revisions\/482"}],"wp:attachment":[{"href":"http:\/\/reitstall-feichtner.de\/index.php?rest_route=%2Fwp%2Fv2%2Fmedia&parent=17"}],"curies":[{"name":"wp","href":"https:\/\/api.w.org\/{rel}","templated":true}]}}